{"id":850,"date":"2022-01-10T11:38:31","date_gmt":"2022-01-10T11:38:31","guid":{"rendered":"https:\/\/www.rendez-vous.si\/?page_id=850"},"modified":"2024-06-15T08:33:38","modified_gmt":"2024-06-15T08:33:38","slug":"okusi-tort","status":"publish","type":"page","link":"https:\/\/www.rendez-vous.si\/index.php\/home-2\/okusi-tort\/","title":{"rendered":"Okusi tort"},"content":{"rendered":"\t\t<div data-elementor-type=\"wp-page\" data-elementor-id=\"850\" class=\"elementor elementor-850\" data-elementor-settings=\"[]\">\n\t\t\t\t\t\t\t<div class=\"elementor-section-wrap\">\n\t\t\t\t\t\t\t<section class=\"elementor-section elementor-top-section elementor-element elementor-element-5b16868 elementor-section-boxed elementor-section-height-default elementor-section-height-default\" data-id=\"5b16868\" data-element_type=\"section\">\n\t\t\t\t\t\t\t<div class=\"elementor-background-overlay\"><\/div>\n\t\t\t\t\t\t\t<div class=\"elementor-container elementor-column-gap-default\">\n\t\t\t\t\t<div class=\"elementor-column elementor-col-100 elementor-top-column elementor-element elementor-element-97aff16\" data-id=\"97aff16\" data-element_type=\"column\">\n\t\t\t<div class=\"elementor-widget-wrap elementor-element-populated\">\n\t\t\t\t\t\t\t\t<div class=\"elementor-element elementor-element-d31e763 elementor-widget elementor-widget-spacer\" data-id=\"d31e763\" data-element_type=\"widget\" data-widget_type=\"spacer.default\">\n\t\t\t\t<div class=\"elementor-widget-container\">\n\t\t\t\t\t<div class=\"elementor-spacer\">\n\t\t\t<div class=\"elementor-spacer-inner\"><\/div>\n\t\t<\/div>\n\t\t\t\t<\/div>\n\t\t\t\t<\/div>\n\t\t\t\t<div class=\"elementor-element elementor-element-5e3e543 elementor-widget elementor-widget-text-editor\" data-id=\"5e3e543\" data-element_type=\"widget\" data-widget_type=\"text-editor.default\">\n\t\t\t\t<div class=\"elementor-widget-container\">\n\t\t\t\t\t\t\t<p dir=\"ltr\"><strong>LAHKA \u010cOKOLADNA TORTA<\/strong><\/p>\n<p dir=\"ltr\">\u010cokoladna torta z rahlim \u010dokoladnim nadevom in smetano<\/p>\n<p dir=\"ltr\"><strong>TEMNA \u010cOKOLADNA TORTA<\/strong><\/p>\n<p dir=\"ltr\">Krema iz temne \u010dokolade (mousse) na \u010dokoladnem biskvitu<\/p>\n<p dir=\"ltr\"><strong>BELO \u010cRNA \u010cOKOLADNA TORTA<\/strong><\/p>\n<p dir=\"ltr\">Krema iz temne in bele \u010dokolade (mousse) na \u010dokoladnem biskvitu<\/p>\n<p dir=\"ltr\"><strong>\u010cOKOLADNA TORTA Z JAGODAMI (Rendez Vous torta)<\/strong><\/p>\n<p dir=\"ltr\">\u010cokoladni biskvit polnjen z rahlo \u010dok.kremo, jagodami in&nbsp; prelit s \u010dokolado<\/p>\n<p dir=\"ltr\"><strong>KLASI\u010cNA \u010cOKOLADNA TORTA<\/strong><\/p>\n<p dir=\"ltr\">\u010cokoladna biskvitna osnova z masleno \u010dokoladno kremo<\/p>\n<p dir=\"ltr\"><strong>SACHER TORTA<\/strong><\/p>\n<p dir=\"ltr\">\u010cokoladna biskvitna osnova nadevana z mareli\u010dno marmelado in oblita s \u010dokolado<\/p>\n<p dir=\"ltr\"><strong>JOGURTOVA TORTA Z BOROVNICO<\/strong><\/p>\n<p dir=\"ltr\">Rahla jogurtova torta z borovni\u010devim sadnim diskom<\/p>\n<p dir=\"ltr\"><strong>SADNA SMETANOVA TORTA<\/strong><\/p>\n<p dir=\"ltr\">Biskvitna osnova s smetanovim nadevom in sezonskim sadjem<\/p>\n<p dir=\"ltr\"><strong>JAGODNA TORTA<\/strong><\/p>\n<p dir=\"ltr\">Rahla torta z jagodnim sadnim diskom<\/p>\n<p dir=\"ltr\"><strong>VI\u0160NJEVA TORTA<\/strong><\/p>\n<p dir=\"ltr\">\u010cokoladna biskvitna osnova s smetanovim nadevom in vi\u0161njami<\/p>\n<p dir=\"ltr\"><strong>SKUTINA TORTA S SADJEM<\/strong><\/p>\n<p dir=\"ltr\">Krhko testo z nadevom iz skute in stepene smetane ter okra\u0161ena z gozdnimi sade\u017ei<\/p>\n<p dir=\"ltr\"><strong>MOZART TORTA<\/strong><\/p>\n<p dir=\"ltr\">Rahel \u010dokoladni nadev, pistacijeva krema in marcipan<\/p>\n<p dir=\"ltr\"><strong>PI\u0160KOTEK TORTA<\/strong><\/p>\n<p dir=\"ltr\">Bela biskvitna z vanilijevo kremo okusa Biscottino&nbsp; in \u010dokoladni pi\u0161koti<\/p>\n<p dir=\"ltr\"><strong>BANANINA TORTA S \u010cOKOLADO<\/strong><\/p>\n<p dir=\"ltr\">\u010cokoladni biskvit z nutello, bananami in smetano<\/p>\n<p dir=\"ltr\"><strong>TIRAMISU&nbsp;<\/strong><\/p>\n<p dir=\"ltr\">Rahel biskvit namo\u010den v kavi z nadevom iz smetane in mascarponi maslom<\/p>\n<p dir=\"ltr\"><strong>TORTA PASIJONKA IN \u010cOKOLADNI MOUSSE<\/strong><\/p>\n<p dir=\"ltr\">Sadni disk iz pasijonke obdan s \u010dokoladnim moussom iz bele in temne \u010dokolade<\/p>\n<p dir=\"ltr\"><strong>VANILIJEVA TORTA Z MALINAMI IN MERINGO<\/strong><\/p>\n<div>Vanilijeva krema z malinami in meringo na vrhu<br><\/div>\n<p><span style=\"color: var(--ast-global-color-3); font-weight: 700;\"><br><\/span><\/p>\n<p><span style=\"color: var(--ast-global-color-3); font-weight: 700;\">TORTA Z MANGOM IN KOKOSOM<\/span><br><\/p>\n<div>Mangova in kokosova krema ter ko\u0161\u010dki manga<br><\/div>\n<p><br><\/p>\n<p dir=\"ltr\" role=\"presentation\"><strong>KREMNA REZINA<\/strong><\/p>\n<p dir=\"ltr\" role=\"presentation\"><strong>INDIJAN\u010cEK<\/strong><\/p>\n<p dir=\"ltr\" role=\"presentation\"><strong>CAKE POPS<\/strong><\/p>\n<p dir=\"ltr\" role=\"presentation\"><strong><br><\/strong><\/p>\n<p dir=\"ltr\" role=\"presentation\"><strong>* OPOMBA ZA TORTE PO NARO\u010cILU: vse torte po naro\u010dilu so obmazane s smetano in so okra\u0161ene po va\u0161ih \u017eeljah (napis, okraski, druge \u017eelje). V primeru, da \u017eelite, da je torta oblita s \u010dokolado, nas prosim opozorite.&nbsp;<\/strong><\/p>\n<p dir=\"ltr\" role=\"presentation\"><strong><br><\/strong><\/p>\n<p dir=\"ltr\" role=\"presentation\">\n<\/p><p><strong>PRESNO-VEGANSKE SLA\u0160\u010cICE&nbsp;<\/strong><\/p>\n<p dir=\"ltr\"><strong>Sacher torta<\/strong><\/p>\n<p dir=\"ltr\">Datlji, mandlji, kokosovo maslo, presni kakav, suhe marelice<\/p>\n<p dir=\"ltr\"><strong>Jagoda-kokos<\/strong><\/p>\n<p dir=\"ltr\">Datlji, mandlji, indijski ore\u0161\u010dki, kokosova moka in maslo, kokosovo mleko, jagode<\/p>\n<p dir=\"ltr\"><strong>Mango-pomaran\u010da<\/strong><\/p>\n<p dir=\"ltr\">Datlji, mandlji, indijski ore\u0161\u010dki, kokosovo maslo, sok pomaran\u010de, mango<\/p>\n<p dir=\"ltr\"><strong>\u010cokolada-banana<\/strong><\/p>\n<p dir=\"ltr\">Datlji, mandlji, kokosova moka in maslo, presni&nbsp;kakav, banane<\/p>\n<p dir=\"ltr\" style=\"font-size: 16px; font-style: normal; font-weight: 400;\"><span style=\"font-weight: 700;\">Pistacija<\/span><\/p>\n<p dir=\"ltr\" style=\"font-size: 16px; font-style: normal; font-weight: 400;\">Datlji, mandlji, kokosova moka in olje, agavin sirup, pistacije in matcha prah<\/p>\n<p dir=\"ltr\"><br><\/p>\n<p dir=\"ltr\" role=\"presentation\">\n<\/p>\t\t\t\t\t\t<\/div>\n\t\t\t\t<\/div>\n\t\t\t\t<div class=\"elementor-element elementor-element-6390cbb elementor-widget elementor-widget-text-editor\" data-id=\"6390cbb\" data-element_type=\"widget\" data-widget_type=\"text-editor.default\">\n\t\t\t\t<div class=\"elementor-widget-container\">\n\t\t\t\t\t\t\t<p>Smo dovolj majhni, da je za nas vsaka torta buti\u010dna in dovolj veliki, da nikdar ne boste ostali brez torte. Vsaka torta je unikatna in z veseljem se bomo prilagodili va\u0161im \u017eeljam in okusom. Oglasite se v na\u0161i sla\u0161\u010di\u010darni ali pa nas pokli\u010dite na 040 871 333 oziroma nam pi\u0161ite na\u00a0<a href=\"mailto:kavarnarendezvous@gmail.com\" target=\"_blank\" rel=\"noopener\">kavarnarendezvous@gmail.com<\/a><wbr \/>\u00a0<\/p>\t\t\t\t\t\t<\/div>\n\t\t\t\t<\/div>\n\t\t\t\t\t<\/div>\n\t\t<\/div>\n\t\t\t\t\t\t\t<\/div>\n\t\t<\/section>\n\t\t\t\t\t\t<\/div>\n\t\t\t\t\t<\/div>\n\t\t","protected":false},"excerpt":{"rendered":"<p>LAHKA \u010cOKOLADNA TORTA \u010cokoladna torta z rahlim \u010dokoladnim nadevom in smetano TEMNA \u010cOKOLADNA TORTA Krema iz temne \u010dokolade (mousse) na \u010dokoladnem biskvitu BELO \u010cRNA \u010cOKOLADNA TORTA Krema iz temne in bele \u010dokolade (mousse) na \u010dokoladnem biskvitu \u010cOKOLADNA TORTA Z JAGODAMI (Rendez Vous torta) \u010cokoladni biskvit polnjen z rahlo \u010dok.kremo, jagodami in&nbsp; prelit s \u010dokolado KLASI\u010cNA &hellip;<\/p>\n<p class=\"read-more\"> <a class=\"\" href=\"https:\/\/www.rendez-vous.si\/index.php\/home-2\/okusi-tort\/\"> <span class=\"screen-reader-text\">Okusi tort<\/span> Read More &raquo;<\/a><\/p>\n","protected":false},"author":1,"featured_media":0,"parent":402,"menu_order":0,"comment_status":"closed","ping_status":"closed","template":"","meta":{"site-sidebar-layout":"no-sidebar","site-content-layout":"page-builder","ast-main-header-display":"","ast-hfb-above-header-display":"","ast-hfb-below-header-display":"","ast-hfb-mobile-header-display":"","site-post-title":"disabled","ast-breadcrumbs-content":"","ast-featured-img":"disabled","footer-sml-layout":"","theme-transparent-header-meta":"","adv-header-id-meta":"","stick-header-meta":"","header-above-stick-meta":"","header-main-stick-meta":"","header-below-stick-meta":""},"_links":{"self":[{"href":"https:\/\/www.rendez-vous.si\/index.php\/wp-json\/wp\/v2\/pages\/850"}],"collection":[{"href":"https:\/\/www.rendez-vous.si\/index.php\/wp-json\/wp\/v2\/pages"}],"about":[{"href":"https:\/\/www.rendez-vous.si\/index.php\/wp-json\/wp\/v2\/types\/page"}],"author":[{"embeddable":true,"href":"https:\/\/www.rendez-vous.si\/index.php\/wp-json\/wp\/v2\/users\/1"}],"replies":[{"embeddable":true,"href":"https:\/\/www.rendez-vous.si\/index.php\/wp-json\/wp\/v2\/comments?post=850"}],"version-history":[{"count":38,"href":"https:\/\/www.rendez-vous.si\/index.php\/wp-json\/wp\/v2\/pages\/850\/revisions"}],"predecessor-version":[{"id":1576,"href":"https:\/\/www.rendez-vous.si\/index.php\/wp-json\/wp\/v2\/pages\/850\/revisions\/1576"}],"up":[{"embeddable":true,"href":"https:\/\/www.rendez-vous.si\/index.php\/wp-json\/wp\/v2\/pages\/402"}],"wp:attachment":[{"href":"https:\/\/www.rendez-vous.si\/index.php\/wp-json\/wp\/v2\/media?parent=850"}],"curies":[{"name":"wp","href":"https:\/\/api.w.org\/{rel}","templated":true}]}}